
{"id":2251,"date":"2023-03-03T14:52:11","date_gmt":"2023-03-03T13:52:11","guid":{"rendered":"https:\/\/unit.paris\/?page_id=2251"},"modified":"2026-02-27T17:34:42","modified_gmt":"2026-02-27T16:34:42","slug":"agence","status":"publish","type":"page","link":"https:\/\/unit.paris\/en\/agence\/","title":{"rendered":"Agency"},"content":{"rendered":"<div class=\"agence pt-md\">\n  <div class=\"h-full px-md- pt-header-height-\">\n\n    <div class=\"presentation _AGENCE_T2 bb\">\n  <div class=\"du-grid\">\n    <div>\n          <\/div>\n    \n  <\/div>\n<\/div>\n    <div class=\"sections\">\n                      <section class=\"titre_texte \">\n              <h2 class=\"summary _AGENCE_T1 bb\">Services<\/h2>\n              <div class=\"detail\">\n                <div class=\"du-grid\">\n                  <div class=\"titre_texte-item _S_body mb-md-\">\n  <div class=\"du-grid\">\n    <div class=\"title _AGENCE_T2\"><\/div>\n    <div>\n    <p class=\"texte _AGENCE_T3\"><\/p>\n    <\/div>\n  <\/div>\n<\/div><div class=\"titre_texte-item _S_body mb-md-\">\n  <div class=\"du-grid\">\n    <div class=\"title _AGENCE_T2\"><\/div>\n    <div>\n    <p class=\"texte _AGENCE_T3\"><\/p>\n    <\/div>\n  <\/div>\n<\/div><div class=\"titre_texte-item _S_body mb-md-\">\n  <div class=\"du-grid\">\n    <div class=\"title _AGENCE_T2\"><\/div>\n    <div>\n    <p class=\"texte _AGENCE_T3\"><\/p>\n    <\/div>\n  <\/div>\n<\/div><div class=\"titre_texte-item _S_body mb-md-\">\n  <div class=\"du-grid\">\n    <div class=\"title _AGENCE_T2\"><\/div>\n    <div>\n    <p class=\"texte _AGENCE_T3\"><\/p>\n    <\/div>\n  <\/div>\n<\/div><div class=\"titre_texte-item _S_body mb-md-\">\n  <div class=\"du-grid\">\n    <div class=\"title _AGENCE_T2\"><\/div>\n    <div>\n    <p class=\"texte _AGENCE_T3\"><\/p>\n    <\/div>\n  <\/div>\n<\/div><div class=\"titre_texte-item _S_body mb-md-\">\n  <div class=\"du-grid\">\n    <div class=\"title _AGENCE_T2\"><\/div>\n    <div>\n    <p class=\"texte _AGENCE_T3\"><\/p>\n    <\/div>\n  <\/div>\n<\/div>                <\/div>\n              <\/div>\n            <\/section>\n          \n                  <section class=\"trombi \">\n              <h2 class=\"summary _AGENCE_T1 bb\">Team<\/h2>\n              <div class=\"detail\">\n                <div class=\"du-grid\">\n                                  <\/div>\n                 <div class=\"du-grid\">\n                     \n<div class=\"du-trombi-item du-grid--flex  mb-md- mt-md\">\n  <div class=\"body  flex-col flex-col- pr-md-\">\n    <div class=\"header _AGENCE_T4 ancien-title\">\n      <div class=\"title _AGENCE_T2\"><\/div>\n    <\/div>\n        <div class=\"subtitle _AGENCE_T4\">\n            <\/div>\n      <div class=\"ghost-space hidden-sm\"><\/div>\n<\/div>\n<\/div>\n\n     \n<div class=\"du-trombi-item du-grid--flex  mb-md- mt-md\">\n  <div class=\"body  flex-col flex-col- pr-md-\">\n    <div class=\"header _AGENCE_T4 ancien-title\">\n      <div class=\"title _AGENCE_T2\"><\/div>\n    <\/div>\n        <div class=\"subtitle _AGENCE_T4\">\n            <\/div>\n      <div class=\"ghost-space hidden-sm\"><\/div>\n<\/div>\n<\/div>\n\n                        <\/div>\n              <\/div>\n            <\/section>\n          \n                  <section class=\"contact \">\n              <h2 class=\"summary _AGENCE_T1 bb\">Contact<\/h2>\n              <div class=\"detail\">\n\n                <div class=\"du-grid du-grid--cols-4\">\n                  <div class=\"contact-item _S_body mb-md\">\n  <div class=\"du-grid-\">\n    <div class=\"title _AGENCE_T6\"><\/div>\n    <div class=\"_AGENCE_T2\">\n          <\/div>\n  <\/div>\n<\/div><div class=\"contact-item _S_body mb-md\">\n  <div class=\"du-grid-\">\n    <div class=\"title _AGENCE_T6\"><\/div>\n    <div class=\"_AGENCE_T2\">\n          <\/div>\n  <\/div>\n<\/div><div class=\"contact-item _S_body mb-md\">\n  <div class=\"du-grid-\">\n    <div class=\"title _AGENCE_T6\"><\/div>\n    <div class=\"_AGENCE_T2\">\n          <\/div>\n  <\/div>\n<\/div><div class=\"contact-item _S_body mb-md\">\n  <div class=\"du-grid-\">\n    <div class=\"title _AGENCE_T6\"><\/div>\n    <div class=\"_AGENCE_T2\">\n          <\/div>\n  <\/div>\n<\/div>                <\/div>\n              <\/div>\n            <\/section>\n            \n              <\/div>\n  <\/div>\n<\/div>","protected":false},"excerpt":{"rendered":"<p>Services Team Contact<\/p>\n","protected":false},"author":3,"featured_media":0,"parent":0,"menu_order":3,"comment_status":"closed","ping_status":"closed","template":"page-agence-v2.php","meta":{"_acf_changed":false},"class_list":["post-2251","page","type-page","status-publish","hentry"],"acf":{"presentation":{"texte":"Designers Unit is an international design agency with offices in Paris and London. Our expertise is exhibition design, communication, and wayfinding for cultural, heritage, and commercial clients. We work to clearly define their needs so as to deliver specifically tailored contemporary creative design solutions. Our highly skilled creative team and network of longstanding external partners means that we ensure we deliver quality and innovation to all of our clients, regardless of the size of each project or engagement.","image":2617},"sections":[{"acf_fc_layout":"titre_texte","headline":"Services","items":[{"title":"Consulting","texte":"Industry benchmarking Project Strategy Leading Meetings Editorial and Content Building Access Advisory Conservation Consulting Sustainable Development Listed Heritage Expertise"},{"title":"Exhibitions","texte":"Project Management Artistic Input & Direction Set Design Exhibition Layout, Footfall & Visitor Flow Media Installation Spatial and Product Design Interactive Device Design Graphic Design"},{"title":"Wayfinding","texte":"Visitor Flow Analysis Blueprint Development Orientation Strategy Project Management Art Direction & Typography Media Information Hierarch Content Inventory Product Design Graphic Design"},{"title":"Communications","texte":"Art Direction Project Coordination Visual Identity Graphic Standards Communication Campaigns Publishing Digital Motion Design Illustration Data Visualisation Mapping Derivative Products"},{"title":"Digital Art","texte":"Artist Support Artistic Direction Project Steering & Coordination Media Installation Spatial and Product Design Graphic Design"},{"title":"Interior Design","texte":"Project Management Artistic Direction Spatial and Product Design Interactive Device Design Graphic Design"}]},{"acf_fc_layout":"trombi","headline":"Team","grid":[{"title":"David Lebreton","job":"Founding Partner","subtitle":"Exhibition and industrial design","texte":"David Lebreton co-founded Designers Unit in 2018. He is one of the agency\u2019s senior creative directors and is also responsible for the firm\u2019s international development. Trained as an industrial designer, he co-founded the design firm studio 5.5 in 2003 before going on to work as an exhibition designer, where he developed his signature clear, elegant style that is the hallmark of clear communication through design.","image":2524},{"title":"Emmanuel Labard","job":"Founding Partner","subtitle":"Graphic design and wayfinding","texte":"Emmanuel Labard co-founded Designers Unit in 2018 and is one of its senior creative directors. Trained as a graphic designer, he worked for cultural institutions on their visual communications for fifteen years before expanding his practice to apply graphic design to space, architecture, and digital arts. He has always been an advocate for sober, sophisticated design that is committed to meaning and context.","image":2497},{"title":"Lucie Pindat","job":"Director","subtitle":"Graphic design and communications","texte":"After working for ten years for the creative agency Vandejong in Amsterdam, Lucie Pindat joined the Designers Unit team as artistic director when the agency was established in 2018. She is very involved in the agency\u2019s development strategy, from engaging with clients to understand their ambitions for their project in all its complexities, to providing creative direction and managing the graphic design team.","image":2514},{"title":"Juliette B\u00e2cle","job":"Art director","subtitle":"Exhibition design","texte":"A graduate of the \u00c9cole Camondo in interior architecture and product design, Juliette B\u00e2cle worked with David Lebreton for several years before joining Designers Unit when it was founded in 2018. As the firm\u2019s go-to person for exhibition design, she brings all her creative energies to this field, managing the team of exhibition designers throughout excellent in project execution.","image":2507},{"title":"M\u00e9lanie Boutet","job":"Art director","subtitle":"Graphic design","texte":"M\u00e9lanie Boutet joined Designers Unit in 2021 after working for several years at a firm specialising in exhibition graphic design. She works in close collaboration with the exhibition designers on complex museography projects. A graduate of the \u00c9cole Estienne in graphic design and typography, her precise eye and attention to detail provides harmony and order to these collective undertakings.","image":2500},{"title":"Valentin Dufacteur","job":"Art director","subtitle":"Industrial design","texte":"A graduate of LISAA Rennes in interior architecture and industrial design, Valentin Dufacteur joined the team at Designers Unit in 2022. Precise and rigorous, he expresses his creative and technical expertise in the firm\u2019s wayfinding and exhibition design projects.","image":2525},{"title":"Fr\u00e9d\u00e9rique Foucher","job":"Administrator","subtitle":"","texte":"Fr\u00e9d\u00e9rique Foucher joined Designers Unit in 2019 and is responsible for all of the agency\u2019s administrative operations. She works with the directors to prepare tenders and submissions. Fr\u00e9d\u00e9rique is the primary point of contact for Designers Unit\u2019s clients and partners for all accounting and billing questions throughout the life span of projects carried out by its creative teams.","image":2503}],"anciens":[{"headline":"Former collaborators","texte":"Marguerite Alexandre-Brasseur, Estelle Basalo, Laura Bod\u00e9nez, Rapha\u00eblle Bonneau, Juliette Collin, Rita Doligez, Laura Galzin, Laura Gaydon, Adrianna Goepp, Guillaume Jandin, Victor Jean, ARom Jeong, R\u00e9jane Le Gall, Hugo Le Guen, Marie Leguyader, Louise Lemesle, Agathe Minier, Georges Miron, Anna Nie, Gabrielle Pauty, \u00c9va Poussier, Ambre Quemin, Marie Remize, \u00c9l\u00e9onore Sala, St\u00e9phane Toque"},{"headline":"Former interns","texte":"Sami Abouassam, Minh Boutin, L\u00e9a Cauquil, Capucine Felter, Chad Gar\u00e7on, Laura Gaydon, Jos\u00e9phine Krettly, Marie Leguyader, Agathe Manche, C\u00e9lia Marand, Margot Meunier, Agathe Minier, Jules Patat, Sarah Teissier, Capucine Vannier"}]},{"acf_fc_layout":"contact","headline":"Contact","items":[{"title":"Address","texte":"<span>19 rue Garibaldi\r\n93100 Montreuil<\/span>"},{"title":"","texte":""},{"title":"Contact us","texte":"<a href=\"mailto:designers@unit.paris\">designers@unit.paris<\/a>\r\n<a href=\"https:\/\/www.instagram.com\/unit.paris\/\">Instagram<\/a>\r\n<a href=\"https:\/\/www.linkedin.com\/company\/designers-unit\/mycompany\/\">Linkedin<\/a>"},{"title":"Job \/ Internship","texte":"job@unit.paris"}]}],"":""},"grid":"{\r\n  \"colCount\": 6,\r\n  \"colGutter\": 3,\r\n  \"rowGutters\": [],\r\n  \"frameMargin\": 5,\r\n  \"leftFrameMargin\": 3,\r\n  \"rightFrameMargin\": 3,\r\n  \"topFrameMargin\": 7,\r\n  \"bottomFrameMargin\": 2,\r\n  \"rowAttrs\": [\r\n    {\r\n      \"relid\": 1\r\n    }\r\n  ],\r\n  \"bgColor\": null,\r\n  \"bgImage\": null,\r\n  \"cont\": [\r\n    {\r\n      \"type\": \"text\",\r\n      \"cont\": \"<p>Loading...<\/p>\",\r\n      \"align\": \"top\",\r\n      \"row\": 0,\r\n      \"col\": 0,\r\n      \"colspan\": 2,\r\n      \"offsetx\": 0,\r\n      \"offsety\": 0,\r\n      \"spaceabove\": 0,\r\n      \"spacebelow\": 0,\r\n      \"yvel\": 1,\r\n      \"push\": 0,\r\n      \"relid\": 14,\r\n      \"absolute_position\": false\r\n    }\r\n  ]\r\n}","phonegrid":"{\r\n  \"colCount\": 6,\r\n  \"colGutter\": 3,\r\n  \"rowGutters\": [\r\n    5,\r\n    5,\r\n    5,\r\n    5,\r\n    5,\r\n    5,\r\n    5,\r\n    5,\r\n    5\r\n  ],\r\n  \"frameMargin\": 5,\r\n  \"leftFrameMargin\": 5,\r\n  \"rightFrameMargin\": 5,\r\n  \"topFrameMargin\": 5,\r\n  \"bottomFrameMargin\": 5,\r\n  \"rowAttrs\": [\r\n    [],\r\n    [],\r\n    [],\r\n    [],\r\n    [],\r\n    [],\r\n    [],\r\n    [],\r\n    [],\r\n    []\r\n  ],\r\n  \"bgColor\": null,\r\n  \"bgImage\": null,\r\n  \"cont\": []\r\n}","_links":{"self":[{"href":"https:\/\/unit.paris\/en\/wp-json\/wp\/v2\/pages\/2251","targetHints":{"allow":["GET"]}}],"collection":[{"href":"https:\/\/unit.paris\/en\/wp-json\/wp\/v2\/pages"}],"about":[{"href":"https:\/\/unit.paris\/en\/wp-json\/wp\/v2\/types\/page"}],"author":[{"embeddable":true,"href":"https:\/\/unit.paris\/en\/wp-json\/wp\/v2\/users\/3"}],"replies":[{"embeddable":true,"href":"https:\/\/unit.paris\/en\/wp-json\/wp\/v2\/comments?post=2251"}],"version-history":[{"count":0,"href":"https:\/\/unit.paris\/en\/wp-json\/wp\/v2\/pages\/2251\/revisions"}],"wp:attachment":[{"href":"https:\/\/unit.paris\/en\/wp-json\/wp\/v2\/media?parent=2251"}],"curies":[{"name":"wp","href":"https:\/\/api.w.org\/{rel}","templated":true}]}}