
{"id":3333,"date":"2025-07-29T11:48:23","date_gmt":"2025-07-29T09:48:23","guid":{"rendered":"https:\/\/unit.paris\/?page_id=3333"},"modified":"2025-12-23T17:05:30","modified_gmt":"2025-12-23T16:05:30","slug":"clients","status":"publish","type":"page","link":"https:\/\/unit.paris\/en\/clients\/","title":{"rendered":"Clients"},"content":{"rendered":"","protected":false},"excerpt":{"rendered":"","protected":false},"author":2,"featured_media":0,"parent":0,"menu_order":1,"comment_status":"closed","ping_status":"closed","template":"page-clients.php","meta":{"_acf_changed":false},"class_list":["post-3333","page","type-page","status-publish","hentry"],"acf":{"client":[{"annee":"2030","client":"City of Bruxelles","projet":"Brussels City Museum","mission":"Exhibition"},{"annee":"2030","client":"ComUE Lyon Saint-\u00c9tienne","projet":"Artistic Campus, Lyon","mission":"Wayfinding"},{"annee":"2028","client":"Barbican Center","projet":"Barbican Center, London","mission":"Wayfinding"},{"annee":"2028","client":"Royal Commission for Al\u2019Ula","projet":"Dadan Heritage Center","mission":"Exhibition"},{"annee":"2028","client":"Royal Commission for Al\u2019Ula","projet":"Jabal Ikmah Heritage Center","mission":"Exhibition"},{"annee":"2028","client":"City of Saint-Malo","projet":"Maritime Museum of the City of Saint-Malo","mission":"Exhibition"},{"annee":"2028","client":"Montpellier M\u00e9diterran\u00e9e Metropolis","projet":"Archaeological Site of Lattara","mission":"Exhibition"},{"annee":"2027","client":"Department of Calvados","projet":"B\u00e9nouville Castle","mission":"Exhibition"},{"annee":"2027","client":"Dunkirk Urban Community","projet":"Ferme Nord, Zuydcoote","mission":"Exhibition"},{"annee":"2027","client":"City of Mont-de-Marsan","projet":"Despiau-Wl\u00e9rick Musem, Mont-de-Marsan","mission":"Exhibition"},{"annee":"2027","client":"EPMO","projet":"Mus\u00e9e d\u2019Orsay, Paris","mission":"Wayfinding"},{"annee":"2027","client":"City of La Charit\u00e9-sur-Loire","projet":"Prieur\u00e9 de la Charit\u00e9 \/ Cit\u00e9 du mot, La Charit\u00e9-sur-Loire","mission":"Wayfinding"},{"annee":"2027","client":"City of Villebon","projet":"Villebon Technical Center","mission":"Wayfinding"},{"annee":"2026","client":"Mus\u00e9e de l\u2019Homme","projet":"\u201cThe Great Ages\u201d Exhibition, Paris","mission":"Exhibition"},{"annee":"2026","client":"Centre des Monuments Nationaux","projet":"Rambouillet Castle","mission":"Exhibition"},{"annee":"2026","client":"City of Paris","projet":"Columbarium du P\u00e8re-Lachaise, Paris","mission":"Wayfinding"},{"annee":"2026","client":"Department of Essonne","projet":"Secondary school, Fleury-M\u00e9rogis","mission":"Wayfinding"},{"annee":"2026","client":"Ct\u00e9 Agglom\u00e9rations of Bourges","projet":"Bourges Cultural Center","mission":"Wayfinding"},{"annee":"2026","client":"Mucem","projet":"Mucem, Marseille","mission":"Wayfinding"},{"annee":"2026","client":"Ct\u00e9 Communes of \u00cele-Rousse Balagne","projet":"L\u2019\u00cele-Rousse Balagne Museum and Tourist Office","mission":"Exhibition"},{"annee":"2026","client":"CITIA","projet":"Cit\u00e9 internationale du cin\u00e9ma d\u2019animation, Annecy","mission":"Wayfinding"},{"annee":"2026","client":"City of Annecy","projet":"Haras d\u2019Annecy","mission":"Wayfinding"},{"annee":"2026","client":"Atelier d\u2019architecture Philippe Prost","projet":"Website","mission":"Communication"},{"annee":"2026","client":"Paris Habitat","projet":"\u201cLa Nouvelle Tour des Poissonniers\u201d Visual Identity and Website","mission":"Communication"},{"annee":"2025","client":"Paris & M\u00e9tropole Am\u00e9nagement","projet":"2026 Animated Greetings Card","mission":"Communication"},{"annee":"2025","client":"Fondation pour le droit continental","projet":"\u201cPropri\u00e9t\u00e9 et durabilit\u00e9\u201d (Property and Sustainability) Conference Booklet","mission":"Communication"},{"annee":"2025","client":"Devaux & Devaux architectes","projet":"Visual Identity and Website","mission":"Communication"},{"annee":"2025","client":"Paris & M\u00e9tropole Am\u00e9nagement","projet":"Press releases","mission":"Communication"},{"annee":"2025","client":"Paris & M\u00e9tropole Am\u00e9nagement","projet":"\u201cFa\u00e7ons de Faire #5\u201d Publication","mission":"Communication"},{"annee":"2025","client":"Olives & More","projet":"Packaging","mission":"Communication"},{"annee":"2025","client":"Geneva\u2019s Museum of Ethnography","projet":"Children\u2019s Activity Guide for the Exhibition \u201cAfrosonica, Soundscapes\u201d","mission":"Communication"},{"annee":"2025","client":"Geneva\u2019s Museum of Ethnography","projet":"\u201cAfrosonica, Soundscapes\u201d Exhibition, Geneva","mission":"Exhibition"},{"annee":"2025","client":"John Lobb","projet":"Harrod's Pop-up Store, London","mission":"Interior design"},{"annee":"2025","client":"Covalence architectes","projet":"Website","mission":"Communication"},{"annee":"2025","client":"Department of Oise","projet":"Mus\u00e9e de l\u2019Oise (MUDO), Beauvais","mission":"Exhibition"},{"annee":"2025","client":"City of Paris","projet":"Place du 13 novembre 2015, Paris","mission":"Wayfinding"},{"annee":"2025","client":"Ct\u00e9 Agglom\u00e9rations of Ouest Rhodanien","projet":"\u00c9comus\u00e9e du Haut-Beaujolais, Thizy-les-Bourgs","mission":"Exhibition"},{"annee":"2025","client":"Pitman Tozer Architects","projet":"Visual Identity and Website for Tulip Cycle Wands, London","mission":"Communication"},{"annee":"2025","client":"Ministry of Culture \/ Oppic","projet":"Port-Royal-des-Champs Museum, Magny-les-Hameaux","mission":"Exhibition"},{"annee":"2025","client":"City of Montb\u00e9liard","projet":"Montb\u00e9liard Castle","mission":"Exhibition"},{"annee":"2025","client":"City of Maisons-Laffitte","projet":"Malesherbes Cultural Center, Maisons-Laffitte","mission":"Wayfinding"},{"annee":"2024","client":"Paris & M\u00e9tropole Am\u00e9nagement","projet":"2025 Animated Greetings Card","mission":"Communication"},{"annee":"2024","client":"Amiens Metropolis","projet":"CIAP Amiens Metropolis","mission":"Exhibition"},{"annee":"2024","client":"CMN Villa Savoye","projet":"\u201cNatures int\u00e9rieures\u201d (Interior Natures) Exhibition Catalogue, Poissy","mission":"Communication"},{"annee":"2024","client":"CMN Villa Savoye","projet":"\u201cNatures int\u00e9rieures\u201d (Interior Natures) Exhibition, Poissy","mission":"Exhibition"},{"annee":"2024","client":"Charlotte et Cl\u00e9ment Verg\u00e9ly","projet":"Website and Booklet","mission":"Communication"},{"annee":"2024","client":"Verg\u00e9ly Architectes","projet":"Visual Identity and Website","mission":"Communication"},{"annee":"2024","client":"Frac-Artoth\u00e8que Nouvelle-Aquitaine","projet":"New Offices, Limoges","mission":"Interior design"},{"annee":"2024","client":"Bordeaux Metropolis","projet":"Pierre-Paul-Bernard Stadium, Talence","mission":"Wayfinding"},{"annee":"2024","client":"CY Cergy Paris University","projet":"International House of Research, Cergy-Pontoise","mission":"Wayfinding"},{"annee":"2024","client":"\u00c9vian Resort","projet":"Casino d\u2019\u00c9vian","mission":"Wayfinding"},{"annee":"2024","client":"Monnaie de Paris","projet":"\u201cGold, Silver, Bronze: A History of the Olympic Medal\u201d Exhibition, Paris","mission":"Exhibition"},{"annee":"2024","client":"Department of Vienne","projet":"Henri-IV Secondary School, Poitiers","mission":"Wayfinding"},{"annee":"2024","client":"Sorbonne universit\u00e9","projet":"Poster and visitor booklet for \u201cUnfiltered research\u201d","mission":"Communication"},{"annee":"2024","client":"Sorbonne universit\u00e9","projet":"\u201cUnfiltered research\u201d Exhibition, Paris","mission":"Exhibition"},{"annee":"2024","client":"CMN Villa Cavrois","projet":"\u201cRob Mallet-Stevens, Jan & Jo\u00ebl Martel\u201d Exhibition, Croix","mission":"Exhibition"},{"annee":"2024","client":"Rennes metropolis","projet":"Visual Identity for the Renovation of Notre-Dame-en-Saint-Melaine Church, Rennes","mission":"Communication"},{"annee":"2024","client":"Paris & M\u00e9tropole Am\u00e9nagement","projet":"Mipim 2024 Tactile Interfaces and Brochures","mission":"Communication"},{"annee":"2023","client":"\u00c9vian Resort","projet":"Casino d\u2019\u00c9vian Restaurants Visual Identities","mission":"Wayfinding"},{"annee":"2023","client":"Paris & M\u00e9tropole Am\u00e9nagement","projet":"2024 Greetings Card","mission":"Communication"},{"annee":"2023","client":"Paris & M\u00e9tropole Am\u00e9nagement","projet":"Mipim 2023 Tactile Interfaces and Brochures","mission":"Communication"},{"annee":"2023","client":"Charente-Maritime CAUE","projet":"\u201cMaisons des bords de mer\u201d (Homes by the sea) Communication Campaign","mission":"Communication"},{"annee":"2023","client":"Vincent Gillot Architecture","projet":"Portfolio","mission":"Communication"},{"annee":"2024","client":"Monnaie de Paris","projet":"\u201cGold, Silver, Bronze: A History of the Olympic Medal\u201d Communication Campaign","mission":"Communication"},{"annee":"2023","client":"EPA Alzette-Belval","projet":"Communication Campaign for Cantebonne Ecodistrict, Villerupt","mission":"Communication"},{"annee":"2023","client":"Culturespaces","projet":"\u201cPiet Mondrian \u2013 La qu\u00eate de l\u2019abstraction\u201d (The Search for Abstraction) Booklet","mission":"Communication"},{"annee":"2023","client":"Culturespaces","projet":"\u201cPiet Mondrian \u2013 La qu\u00eate de l\u2019abstraction\u201d (The search for abstraction) Exhibition, Les Baux-de-Provence","mission":"Exhibition"},{"annee":"2023","client":"Charente-Maritime CAUE","projet":"\u201cMaisons des bords de mer\u201d (Homes by the sea) Travelling Exhibition","mission":"Exhibition"},{"annee":"2023","client":"Universcience","projet":"\u201cScience Actualit\u00e9s\u201d Exhibition, Cit\u00e9 des Sciences et de l\u2019Industrie, Paris","mission":"Exhibition"},{"annee":"2023","client":"Mus\u00e9e des Arts D\u00e9coratifs (Museum of decorative arts)","projet":"\u201cDes cheveux et des poils\u201d (Hair & Hairs) Exhibition, Paris","mission":"Exhibition"},{"annee":"2023","client":"City of Vic-sur-Seille","projet":"\u201cLouis de Fun\u00e8s\u201d Exhibition, Vic-sur-Seille","mission":"Exhibition"},{"annee":"2023","client":"Syndicat Mixte du Sal\u00e8ve","projet":"La Maison du Sal\u00e8ve","mission":"Exhibition"},{"annee":"2023","client":"\u00c9cole Saint-Fran\u00e7ois","projet":"Parcours M\u00e9moriel du Juv\u00e9nat, Ville-la-Grand","mission":"Exhibition"},{"annee":"2023","client":"Sal\u00e8ve Cable Car","projet":"Sal\u00e8ve Cable Car Stations","mission":"Wayfinding"},{"annee":"2023","client":"Orl\u00e9ans metropolis","projet":"Urban Heritage Wayfinding, Orl\u00e9ans","mission":"Wayfinding"},{"annee":"2022","client":"Culturespaces","projet":"\u201cYves Klein\u2019s Obsession with Blue\u201d Poster and Booklet","mission":"Communication"},{"annee":"2022","client":"Paris & M\u00e9tropole Am\u00e9nagement","projet":"2023 Greetings Card","mission":"Communication"},{"annee":"2022","client":"Paris & M\u00e9tropole Am\u00e9nagement","projet":"Gare des Mines \u2013 Fillettes Neighbourhood Visual Identity, Paris","mission":"Communication"},{"annee":"2022","client":"Paris & M\u00e9tropole Am\u00e9nagement","projet":"Mipim 2022 Tactile Interfaces and Brochures","mission":"Communication"},{"annee":"2022","client":"Paris & M\u00e9tropole Am\u00e9nagement","projet":"\u201cFa\u00e7ons de Faire #4\u201d Publication","mission":"Communication"},{"annee":"2022","client":"Atelier d\u2019architecture Philippe Prost","projet":"National Grand Prix of Architecture Presentation","mission":"Communication"},{"annee":"2022","client":"Fondation pour le droit continental","projet":"\u201cLe logement dans tous ses \u00e9tats!\u201d (Housing in all Shapes and Sizes!)\u00a0Conference Booklet","mission":"Communication"},{"annee":"2022","client":"International Academy of Ceramics","projet":"\u201cOn the Edge\u201d Virtual Exhibition","mission":"Communication"},{"annee":"2022","client":"Cit\u00e9 de l\u2019Architecture et du Patrimoine (Architecture and Heritage Institute)","projet":"\u201cPatrimoine en mouvement\u201d (Heritage in Motion) Catalogue","mission":"Communication"},{"annee":"2022","client":"Gedeon Programmes","projet":"\u201cOcean\u201d Poster","mission":"Communication"},{"annee":"2022","client":"The Shoah Memorial","projet":"\u201cBy the grace of God \u2013 The Churches and The Holocaust\u201d Catalogue","mission":"Communication"},{"annee":"2022","client":"Mus\u00e9e des Arts D\u00e9coratifs (Museum of decorative arts)","projet":"\u201c\u00c0 la rencontre du Petit Prince\u201d (An encounter with the petit prince) Poster","mission":"Communication"},{"annee":"2022","client":"Culturespaces","projet":"\u201cYves Klein\u2019s Obsession with Blue\u201d Exhibition, Les Baux-de-Provence","mission":"Exhibition"},{"annee":"2022","client":"Cit\u00e9 de l\u2019Architecture et du Patrimoine (Architecture and Heritage Institute)","projet":"\u201cPatrimoine en mouvement\u201d (Heritage in Motion) Travelling Exhibition","mission":"Exhibition"},{"annee":"2022","client":"Gedeon Programmes","projet":"\u201cOcean \u2013 Blue Europe\u201d Travelling Exhibition","mission":"Exhibition"},{"annee":"2022","client":"Ct\u00e9 Communes du Pays de Bitche","projet":"Mus\u00e9e du verre et du cristal, Meisenthal","mission":"Exhibition"},{"annee":"2022","client":"Universcience","projet":"\u201c8 billion people... What\u2019s next?\u201d Exhibition, Cit\u00e9 des Sciences, Paris","mission":"Exhibition"},{"annee":"2022","client":"The Shoah Memorial","projet":"\u201cBy the grace of God \u2013 The Churches and The Holocaust\u201d Exhibition, Paris","mission":"Exhibition"},{"annee":"2022","client":"Mus\u00e9e des Arts D\u00e9coratifs (Museum of decorative arts)","projet":"\u201c\u00c0 la rencontre du Petit Prince\u201d (An Encounter with the Petit Prince) Exhibition, Paris","mission":"Exhibition"},{"annee":"2022","client":"R\u00e9union des mus\u00e9es nationaux \u2013 Grand Palais (Union of national museums \u2013 Grand Palais)","projet":"MUSE D\u00e9couverte \/ Immersif (MUSE Discovery \/ Immersive)","mission":"Exhibition"},{"annee":"2022","client":"Arte Concert","projet":"Arte Concert Festival 2022 Exhibition, La Ga\u00eet\u00e9 Lyrique, Paris","mission":"Exhibition"},{"annee":"2021","client":"Paris & M\u00e9tropole Am\u00e9nagement","projet":"2022 Animated Greetings Card","mission":"Communication"},{"annee":"2020","client":"Atelier d\u2019architecture Philippe Prost","projet":"Art Explora Competition Booklet","mission":"Communication"},{"annee":"2020","client":"DRAC Centre \u2013 Val de Loire","projet":"Cultural Atlas 2020","mission":"Communication"},{"annee":"2021","client":"Centre des monuments nationaux (National monuments centre)","projet":"Ch\u00e2teau de Cadillac","mission":"Exhibition"},{"annee":"2021","client":"Verdun Memorial","projet":"\u201cThey Shall Not Pass!\u201d Exhibition, Verdun","mission":"Exhibition"},{"annee":"2021","client":"Le Palace Cinema","projet":"\u201cLouis de Fun\u00e8s\u201d Exhibition, Brussels","mission":"Exhibition"},{"annee":"2021","client":"Mus\u00e9e national des arts asiatiques \u2013 Guimet (National museum of Asian art \u2013 Guimet, MNAAG)","projet":"\u201cJardins d\u2019Asie\u201d (Asian Gardens) Exhibition, Paris","mission":"Exhibition"},{"annee":"2021","client":"Biblioth\u00e8que nationale de France (French national library)","projet":"\u201cHenri Cartier-Bresson \u2013 Le Grand Jeu\u201d (Henri Cartier-Bresson \u2013 The Great Game) Exhibition, Paris","mission":"Exhibition"},{"annee":"2021","client":"Department of H\u00e9rault","projet":"Sc\u00e8ne de Bayssan, B\u00e9ziers","mission":"Wayfinding"},{"annee":"2021","client":"Cr\u00e9dit Agricole \u00cele-de-France","projet":"Timeline, Cr\u00e9dit Agricole Headquarter, Paris","mission":"Wayfinding"},{"annee":"2020","client":"Paris & M\u00e9tropole Am\u00e9nagement","projet":"\u201cFa\u00e7ons de Faire #3\u201d Publication","mission":"Communication"},{"annee":"2020","client":"Paris & M\u00e9tropole Am\u00e9nagement","projet":"2021 Greetings Card","mission":"Communication"},{"annee":"2020","client":"Annemasse Agglom\u00e9ration","projet":"Archipel Butor Visual Identity","mission":"Communication"},{"annee":"2020","client":"Compagnie La Truc","projet":"\u201cCosmophonie\u201d Digital Artwork","mission":"Digital art"},{"annee":"2020","client":"Maison de l\u2019Architecture CVDL","projet":"Archimobile #2 \u201cMobilit\u00e9s\u201d (Mobility) Travelling Exhibition","mission":"Exhibition"},{"annee":"2020","client":"Annemasse Agglom\u00e9ration","projet":"Modular eExhibition for Michel Butor\u2019s Home, Lucinges","mission":"Exhibition"},{"annee":"2020","client":"Annemasse Agglom\u00e9ration","projet":"Manoir des Livres, Lucinges","mission":"Exhibition"},{"annee":"2020","client":"Mus\u00e9e du Louvre","projet":"Petite Galerie Travelling Exhibitions","mission":"Exhibition"},{"annee":"2020","client":"City of Leffrinckoucke","projet":"Fort des Dunes, Leffrinckoucke","mission":"Exhibition"},{"annee":"2020","client":"Cin\u00e9math\u00e8que fran\u00e7aise","projet":"\u201cLouis de Fun\u00e8s\u201d Exhibition, Paris","mission":"Exhibition"},{"annee":"2020","client":"Martell","projet":"\u201cArchives du domaine Martell\u201d (Archives of the Martell estate), Cognac","mission":"Exhibition"},{"annee":"2020","client":"The Shoah Memorial","projet":"The Wall of Names, Paris","mission":"Wayfinding"},{"annee":"2019","client":"Paris & M\u00e9tropole Am\u00e9nagement","projet":"Mipim 2019 Tactile interfaces and Brochures","mission":"Communication"},{"annee":"2019","client":"Paris & M\u00e9tropole Am\u00e9nagement","projet":"\u201cFa\u00e7ons de Faire #2\u201d Publication","mission":"Communication"},{"annee":"2019","client":"Paris & M\u00e9tropole Am\u00e9nagement","projet":"2020 Greetings Card","mission":"Communication"},{"annee":"2019","client":"Paris & M\u00e9tropole Am\u00e9nagement","projet":"2019 Digital Annual Report","mission":"Communication"},{"annee":"2019","client":"Maison de l\u2019Architecture CVDL","projet":"Website","mission":"Communication"},{"annee":"2019","client":"Maison de l\u2019Architecture CVDL","projet":"Journ\u00e9es Nationales de l\u2019Architecture (National Architecture Festival) Visitor  Leaflet","mission":"Communication"},{"annee":"2019","client":"Centre des monuments nationaux (National monuments centre)","projet":"Monast\u00e8re Royal de Brou (Royal Monastery) Visitor Leaflet","mission":"Communication"},{"annee":"2019","client":"Centre de la m\u00e9moire d\u2019Oradour-sur-Glane (Oradour-sur-Glane memorial centre)","projet":"\u201cRwanda 1994 \u2013 Le g\u00e9nocide des Tutsi\u201d (Rwanda 1994 \u2013 The Tutsi Genocide) Poster","mission":"Communication"},{"annee":"2019","client":"Frac-Artoth\u00e8que Nouvelle-Aquitaine","projet":"Communications Strategy and Naming","mission":"Communication"},{"annee":"2019","client":"Paris&Co \/ City of Paris","projet":"Arc de l\u2019innovation Communication Campaign","mission":"Communication"},{"annee":"2019","client":"CMN \/ Ch\u00e2teau d\u2019Oiron","projet":"\u201c\u00c9clipses\u201d (Eclipses) digital artwork","mission":"Digital art"},{"annee":"2019","client":"Atelier d\u2019architecture Philippe Prost","projet":"\u201cTisser des liens\u201d (Making Connections) Exhibition, Paris","mission":"Exhibition"},{"annee":"2019","client":"\u00c9cole nationale sup\u00e9rieure d'architecture de Versailles","projet":"\u201cVend\u00f4me : architecture d\u2019hier, architecture de demain\u201d (Vend\u00f4me: Architecture of Yesterday, Architecture of Tomorrow) Exhibition","mission":"Exhibition"},{"annee":"2019","client":"Mus\u00e9e du Quai Branly","projet":"\u201cStriking Iron\u201d Exhibition, Paris","mission":"Exhibition"},{"annee":"2019","client":"Mus\u00e9e du Quai Branly","projet":"\u201cF\u00e9lix F\u00e9n\u00e9on (1861-1944)\u201d Exhibition, Paris","mission":"Exhibition"},{"annee":"2019","client":"Loupi Lighting","projet":"Sitem Trade Fair 2019","mission":"Exhibition"},{"annee":"2019","client":"Centre de la m\u00e9moire d\u2019Oradour-sur-Glane (Oradour-sur-Glane memorial centre)","projet":"\u201cRwanda 1994 \u2013 Le g\u00e9nocide des Tutsi\u201d (Rwanda 1994 \u2013 The Tutsi Genocide) Exhibition, Oradour-sur-Glane","mission":"Exhibition"},{"annee":"2019","client":"The Shoah Memorial in Drancy","projet":"\u201cRwanda 1994 \u2013 Le g\u00e9nocide des Tutsi\u201d (Rwanda 1994 \u2013 The Tutsi genocide) Exhibition, Drancy","mission":"Exhibition"},{"annee":"2019","client":"Mus\u00e9e des Arts D\u00e9coratifs (Museum of decorative arts)","projet":"\u201cLes dr\u00f4les de petites b\u00eates d\u2019Antoon Krings\u201d (The Funny Little Beasts of Antoon Krings) Exhibition","mission":"Exhibition"},{"annee":"2019","client":"City of Dourdan","projet":"Mus\u00e9e du Ch\u00e2teau de Dourdan","mission":"Exhibition"},{"annee":"2019","client":"City of Vend\u00f4me","projet":"\u201cArchitecture d\u2019hier et d\u2019aujourd\u2019hui\u201d (Architecture of Past and Present) Exhibition, Vend\u00f4me","mission":"Exhibition"},{"annee":"2019","client":"House of Robert Schuman","projet":"\u201cA vot\u00e9 !\u201d (Vote!) Exhibition, Scy-Chazelles","mission":"Exhibition"},{"annee":"2019","client":"Ipamac","projet":"Grande Travers\u00e9e du Massif Central \u00e0 VTT (GTMC) wayfinding","mission":"Wayfinding"},{"annee":"2019","client":"CCI Grand Lille (Lille chamber of commerce)","projet":"Palais de la Bourse, Lille","mission":"Wayfinding"},{"annee":"2019","client":"The Shoah Memorial","projet":"The Wall of Names, Paris","mission":"Wayfinding"},{"annee":"2018","client":"Paris & M\u00e9tropole Am\u00e9nagement","projet":"Website","mission":"Communication"},{"annee":"2018","client":"Paris & M\u00e9tropole Am\u00e9nagement","projet":"Visual identity","mission":"Communication"},{"annee":"2018","client":"Paris & M\u00e9tropole Am\u00e9nagement","projet":"2019 Greetings Card","mission":"Communication"},{"annee":"2018","client":"Maison de l\u2019Architecture CVDL","projet":"Journ\u00e9es nationales de l\u2019architecture (National Architecture Festival) Visitor Leaflet","mission":"Communication"},{"annee":"2018","client":"Centre des monuments nationaux (National monuments centre)","projet":"Ch\u00e2teau de Voltaire Visitor Leaflet","mission":"Communication"},{"annee":"2018","client":"Paris Batignolles Am\u00e9nagement","projet":"MIPIM Tactile Interfaces and Brochures","mission":"Communication"},{"annee":"2018","client":"Paris Batignolles Am\u00e9nagement","projet":"\u201cFa\u00e7ons de Faire #1\u201d Publication","mission":"Communication"},{"annee":"2018","client":"Paris Batignolles Am\u00e9nagement","projet":"2018 Digital Annual Report","mission":"Communication"},{"annee":"2018","client":"Urban Lab","projet":"Data visualisation","mission":"Communication"},{"annee":"2018","client":"DRAC Centre \u2013 Val de Loire","projet":"B3 Project Brochure","mission":"Communication"},{"annee":"2018","client":"Maison de l\u2019Architecture CVDL","projet":"Archimobile #1 \u201cL\u2019Architecture ravive les c\u0153urs de ville !\u201d (Architecture revives the heart of the city!) Travelling Exhibition","mission":"Exhibition"},{"annee":"2018","client":"Maison de l\u2019Architecture CVDL","projet":"\u201cL\u2019Architecture du quotidien\u201d (Everyday Architecture) Exhibition","mission":"Exhibition"},{"annee":"2018","client":"Council of the European Union","projet":"Visitors\u2019 Centre, Brussels","mission":"Exhibition"},{"annee":"2018","client":"Mus\u00e9e du Louvre","projet":"\u201cTh\u00e9\u00e2tre du Pouvoir\u201d (Power Plays) Travelling Exhibition","mission":"Exhibition"},{"annee":"2018","client":"Mus\u00e9e du Quai Branly","projet":"\u201cPaul Robeson (1898-1976)\u201d Exhibition, Paris","mission":"Exhibition"},{"annee":"2018","client":"Kl\u00e9ber Rossillon","projet":"Ch\u00e2teau de Suscinio, Sarzeau","mission":"Exhibition"}]},"grid":"{\r\n  \"colCount\": 12,\r\n  \"colGutter\": 5,\r\n  \"rowGutters\": [],\r\n  \"frameMargin\": 5,\r\n  \"leftFrameMargin\": 5,\r\n  \"rightFrameMargin\": 5,\r\n  \"topFrameMargin\": 10,\r\n  \"mus\": {\r\n    \"colGutterMu\": \"%\",\r\n    \"rowGutterMu\": \"%\",\r\n    \"topFrameMu\": \"%\",\r\n    \"bottomFrameMu\": \"%\",\r\n    \"frameMu\": \"%\"\r\n  },\r\n  \"bottomFrameMargin\": 5,\r\n  \"rowAttrs\": [\r\n    {\r\n      \"relid\": 1\r\n    }\r\n  ],\r\n  \"bgColor\": null,\r\n  \"bgImage\": null,\r\n  \"cont\": []\r\n}","phonegrid":"","_links":{"self":[{"href":"https:\/\/unit.paris\/en\/wp-json\/wp\/v2\/pages\/3333","targetHints":{"allow":["GET"]}}],"collection":[{"href":"https:\/\/unit.paris\/en\/wp-json\/wp\/v2\/pages"}],"about":[{"href":"https:\/\/unit.paris\/en\/wp-json\/wp\/v2\/types\/page"}],"author":[{"embeddable":true,"href":"https:\/\/unit.paris\/en\/wp-json\/wp\/v2\/users\/2"}],"replies":[{"embeddable":true,"href":"https:\/\/unit.paris\/en\/wp-json\/wp\/v2\/comments?post=3333"}],"version-history":[{"count":0,"href":"https:\/\/unit.paris\/en\/wp-json\/wp\/v2\/pages\/3333\/revisions"}],"wp:attachment":[{"href":"https:\/\/unit.paris\/en\/wp-json\/wp\/v2\/media?parent=3333"}],"curies":[{"name":"wp","href":"https:\/\/api.w.org\/{rel}","templated":true}]}}